{"id":3,"date":"2021-04-09T11:04:22","date_gmt":"2021-04-09T11:04:22","guid":{"rendered":"https:\/\/rotorac.cluster023.hosting.ovh.net\/?page_id=3"},"modified":"2024-08-02T10:40:30","modified_gmt":"2024-08-02T08:40:30","slug":"privacy-policy","status":"publish","type":"page","link":"https:\/\/rotorauto.pl\/index.php\/privacy-policy\/","title":{"rendered":""},"content":{"rendered":"\n<h1 class=\"wp-block-heading\">Polityka prywatno\u015bci<\/h1>\n\n\n\n<p>Klauzula informacyjna Zgodnie z art. 13 ust. 1 i 2 og\u00f3lnego rozporz\u0105dzenia o ochronie danych<br>osobowych z dnia 27 kwietnia 2016 r. oraz ustawy z dnia 10 maja 2018 r. o ochronie danych<br>osobowych (Dz. U. z 2018 r. poz. 1000) informuj\u0119, i\u017c:<\/p>\n\n\n\n<h2 class=\"wp-block-heading\">Administratorem danych osobowych jest:<\/h2>\n\n\n\n<p><strong>ARKADIUSZ TUCHO\u0141KA PPHU ROTOR<\/strong><br>NIP 9581151419<br>adres kontaktowy: <br>ul. Jana z Kolna 28, 81-355 Gdynia<br>adres email: <strong><a href=\"mailto:rotorbiuro@gmail.com\">rotorbiuro@gmail.com<\/a><\/strong><\/p>\n\n\n\n<h2 class=\"wp-block-heading\">Podstawa przetwarzania danych:<\/h2>\n\n\n\n<p>a) \u00a7 6 ust 1 lit a RODO &#8211; dane osobowe s\u0105 przetwarzane na podstawie zgody<br>w szczeg\u00f3lno\u015bci w zakresie przesy\u0142ania informacji handlowych lub marketingowych;<br>b) \u00a7 6 ust 1 lit b RODO &#8211; dane osobowe s\u0105 przetwarzane na podstawie, gdy jest to<br>konieczne do wykonania zawartej umowy oraz podj\u0119cie dzia\u0142a\u0144 przed zawarciem<br>umowy nast\u0119puj\u0105cych na \u017c\u0105danie osoby, kt\u00f3rej dane dotycz\u0105;<br>c) \u00a7 6 ust 1 lit c RODO &#8211; dane osobowe w szczeg\u00f3lnych przypadkach s\u0105 przetwarzane<br>w sytuacji, gdy jest to konieczne do wype\u0142nienia obowi\u0105zk\u00f3w prawnych ci\u0105\u017c\u0105cych<br>na Administratorze;<br>d) \u00a7 6 ust 1 lit f RODO &#8211; dane osobowe s\u0105 przetwarzane , je\u015bli jest to niezb\u0119dne do<br>realizacji cel\u00f3w wynikaj\u0105cych z prawnie uzasadnionego interesu Administratora;<br>Dane osobowe mog\u0105 by\u0107 przetwarzane dla cel\u00f3w marketingu bezpo\u015bredniego do<br>momentu wniesienia sprzeciwu wobec takiego przetwarzania.<\/p>\n\n\n\n<h3 class=\"wp-block-heading\">Przetwarzamy dane, kt\u00f3re:<\/h3>\n\n\n\n<ul class=\"wp-block-list\">\n<li>Pozyskali\u015bmy od Pa\u0144stwa w przypadku \u015bwiadczenia us\u0142ug w ramach naszej dzia\u0142alno\u015bci.<\/li>\n\n\n\n<li>Pozyskali\u015bmy od Pa\u0144stwa za po\u015brednictwem formularza kontaktowego. <\/li>\n<\/ul>\n\n\n\n<h2 class=\"wp-block-heading\">Komu przekazujemy dane.<\/h2>\n\n\n\n<p>Dane osobowe u\u017cytkownik\u00f3w przekazywane s\u0105 dostawcom us\u0142ug wykorzystywanych przez Administratora przy prowadzeniu strony internetowej jak i przechowywania informacji o us\u0142ugach. Dostawcy us\u0142ug, kt\u00f3rym przekazywane s\u0105 dane osobowe, albo podlegaj\u0105 poleceniom Administratora co do cel\u00f3w i sposob\u00f3w przetwarzania tych danych albo samodzielnie okre\u015blaj\u0105 cele i sposoby ich przetwarzania.<\/p>\n\n\n\n<p>Odbiorcami Pana\/Pani danych osobowych b\u0119d\u0105 podmioty, kt\u00f3rym dane przekazano na zasadzie powierzenia, o ile jest  o konieczne dla prawid\u0142owego realizowania us\u0142ug (np. informatycznych oraz ksi\u0119gowo \u2013 rachunkowych).<\/p>\n\n\n\n<h2 class=\"wp-block-heading\">Posiada Pani\/Pan prawo do:<\/h2>\n\n\n\n<p><br>a) \u017c\u0105dania od administratora dost\u0119pu do danych osobowych oraz uzyskania ich kopii;<br>b) sprostowania danych osobowych;<br>c) usuni\u0119cia lub ograniczenia przetwarzania danych osobowych;<br>d) wniesienia sprzeciwu wobec przetwarzania danych osobowych.<\/p>\n\n\n\n<p>Pana\/Pani dane nie b\u0119d\u0105 poddane zautomatyzowanemu podejmowaniu decyzji w tym<br>profilowaniu.<\/p>\n\n\n\n<p>Posiada Pani\/Pan prawo do cofni\u0119cia zgody w dowolnym momencie, bez wp\u0142ywu na<br>zgodno\u015b\u0107 z prawem przetwarzania, kt\u00f3rego dokonano na podstawie zgody przed jej<br>cofni\u0119ciem. W celu cofni\u0119cia zgody nale\u017cy wys\u0142a\u0107 maila na adres rotorbiuro@gmail.com <\/p>\n\n\n\n<p>Ma Pan\/Pani prawo wniesienia skargi do Prezesa Urz\u0119du Ochrony Danych Osobowych,<br>je\u015bli uzna Pani\/Pan, \u017ce przetwarzanie Pani\/Pana danych osobowych narusza przepisy<br>og\u00f3lnego rozporz\u0105dzenia o ochronie danych osobowych z dnia 27 kwietnia 2016 r.<\/p>\n","protected":false},"excerpt":{"rendered":"<p>Polityka prywatno\u015bci Klauzula informacyjna Zgodnie z art. 13 ust. 1 i 2 og\u00f3lnego rozporz\u0105dzenia o ochronie danychosobowych z dnia 27 kwietnia 2016 r. oraz ustawy z<span class=\"excerpt-hellip\"> [\u2026]<\/span><\/p>\n","protected":false},"author":1,"featured_media":0,"parent":0,"menu_order":0,"comment_status":"open","ping_status":"open","template":"","meta":{"footnotes":""},"class_list":["post-3","page","type-page","status-publish","hentry"],"_links":{"self":[{"href":"https:\/\/rotorauto.pl\/index.php\/wp-json\/wp\/v2\/pages\/3","targetHints":{"allow":["GET"]}}],"collection":[{"href":"https:\/\/rotorauto.pl\/index.php\/wp-json\/wp\/v2\/pages"}],"about":[{"href":"https:\/\/rotorauto.pl\/index.php\/wp-json\/wp\/v2\/types\/page"}],"author":[{"embeddable":true,"href":"https:\/\/rotorauto.pl\/index.php\/wp-json\/wp\/v2\/users\/1"}],"replies":[{"embeddable":true,"href":"https:\/\/rotorauto.pl\/index.php\/wp-json\/wp\/v2\/comments?post=3"}],"version-history":[{"count":3,"href":"https:\/\/rotorauto.pl\/index.php\/wp-json\/wp\/v2\/pages\/3\/revisions"}],"predecessor-version":[{"id":106,"href":"https:\/\/rotorauto.pl\/index.php\/wp-json\/wp\/v2\/pages\/3\/revisions\/106"}],"wp:attachment":[{"href":"https:\/\/rotorauto.pl\/index.php\/wp-json\/wp\/v2\/media?parent=3"}],"curies":[{"name":"wp","href":"https:\/\/api.w.org\/{rel}","templated":true}]}}